{"id":27,"date":"2022-11-14T22:02:02","date_gmt":"2022-11-14T22:02:02","guid":{"rendered":"https:\/\/foxybeauty.cl\/?page_id=27"},"modified":"2022-11-15T16:12:02","modified_gmt":"2022-11-15T19:12:02","slug":"inicio","status":"publish","type":"page","link":"https:\/\/foxybeauty.cl\/","title":{"rendered":"Inicio"},"content":{"rendered":"<div id='full_slider_1'  class='avia-fullwidth-slider main_color avia-shadow   avia-builder-el-0  el_before_av_section  avia-builder-el-first   container_wrap sidebar_right'  >\n<style type=\"text\/css\" data-created_by=\"avia_inline_auto\" id=\"style-css-av-laidaia2-64116ddc1f66beb40b76c54be93be858\">\n#top .avia-slideshow .av-slideshow-caption.av-laidaia2-64116ddc1f66beb40b76c54be93be858__0 .avia-caption-content{\nfont-size:20px;\n}\n#top .avia-slideshow .av-slideshow-caption.av-laidaia2-64116ddc1f66beb40b76c54be93be858__0 .avia-caption-content p{\nfont-size:20px;\n}\n#top .avia-slideshow .av-slideshow-caption.av-laidaia2-64116ddc1f66beb40b76c54be93be858__1 .avia-caption-content{\nfont-size:20px;\n}\n#top .avia-slideshow .av-slideshow-caption.av-laidaia2-64116ddc1f66beb40b76c54be93be858__1 .avia-caption-content p{\nfont-size:20px;\n}\n#top .avia-slideshow .av-slideshow-caption.av-laidaia2-64116ddc1f66beb40b76c54be93be858__2 .avia-caption-content{\nfont-size:20px;\n}\n#top .avia-slideshow .av-slideshow-caption.av-laidaia2-64116ddc1f66beb40b76c54be93be858__2 .avia-caption-content p{\nfont-size:20px;\n}\n#top .avia-slideshow .av-slideshow-caption.av-laidaia2-64116ddc1f66beb40b76c54be93be858__3 .avia-caption-content{\nfont-size:20px;\n}\n#top .avia-slideshow .av-slideshow-caption.av-laidaia2-64116ddc1f66beb40b76c54be93be858__3 .avia-caption-content p{\nfont-size:20px;\n}\n<\/style>\n<div  class='avia-slideshow av-laidaia2-64116ddc1f66beb40b76c54be93be858 av-control-default avia-slideshow-featured av_slideshow_full avia-fade-slider av-default-height-applied   avia-slideshow-1'  data-size='featured'  data-lightbox_size='large'  data-animation='fade'  data-conditional_play='confirm_all'  data-ids='98,68,98,95'  data-video_counter='0'  data-autoplay='true'  data-bg_slider='false'  data-slide_height=''  data-handle='av_slideshow_full'  data-interval='4'  data-class=''  data-extra_class=' '  data-el_id=''  data-css_id=''  data-scroll_down=''  data-control_layout='av-control-default'  data-custom_markup=''  data-perma_caption=''  data-autoplay_stopper=''  data-image_attachment=''  data-min_height='0px'  data-lazy_loading='disabled'  data-default-height='28.666666666667'  data-stretch=''  data-src=''  data-position='top left'  data-repeat='no-repeat'  data-attach='scroll'  data-img_scrset=''  data-av-desktop-hide=''  data-av-medium-hide=''  data-av-small-hide=''  data-av-mini-hide=''  data-id=''  data-custom_class=''  data-template_class=''  data-av_uid='av-laidaia2'  data-sc_version='1.0'  data-heading_tag=''  data-heading_class=''   itemprop=\"image\" itemscope=\"itemscope\" itemtype=\"https:\/\/schema.org\/ImageObject\" ><ul class='avia-slideshow-inner ' style='padding-bottom: 28.666666666667%;'><li  data-controls='aviaTBaviaTBvideo_controls' data-mute='aviaTBaviaTBvideo_mute' data-loop='' data-disable-autoplay=''  data-video-height='197' data-video-toppos='-48.5' data-video-ratio='3.4883720930233' class='avia-slideshow-slide av-laidaia2-64116ddc1f66beb40b76c54be93be858__0  av-video-slide  av-video-service-youtube  av-hide-video-controls av-mute-video av-mobile-fallback-image  av-video-stretch slide-1 ' ><div data-rel='slideshow-1' class='avia-slide-wrap '   ><div class='av-slideshow-caption av-laidaia2-64116ddc1f66beb40b76c54be93be858__0 caption_fullwidth caption_right'><div class=\"container caption_container\"><div class=\"slideshow_caption\"><div class=\"slideshow_inner_caption\"><div class=\"slideshow_align_caption\"><h2 class='avia-caption-title '  itemprop=\"name\" >TRATAMIENTOS DE ESTRIAS Y CELULITIS<\/h2><div class='avia-caption-content '  itemprop=\"description\" ><p>Ahora puedes tratar las estr\u00edas que tanto de acomplejan. Recibe el verano con libertad sin esconder o tapar tu piel<\/p>\n<\/div><\/div><\/div><\/div><\/div><\/div><div class='av-click-overlay'><\/div><div class='mejs-mediaelement'  itemprop=\"video\" itemtype=\"https:\/\/schema.org\/VideoObject\" ><div height='1600' width='900' class='av_youtube_frame' id='player_27_241332871_1200051718'  data-autoplay='0'  data-videoid='bS2DGWFRw-4'  data-hd='1'  data-rel='0'  data-wmode='opaque'  data-loop='0'  data-version='3'  data-autohide='1'  data-color='white'  data-controls='0'  data-iv_load_policy='3'  data-original_url='https:\/\/www.youtube.com\/watch?v=bS2DGWFRw-4' ><\/div><\/div><div class='av-section-color-overlay' style='opacity: 0.5; background-color: #000000; '><\/div><\/div><\/li><li  class='avia-slideshow-slide av-laidaia2-64116ddc1f66beb40b76c54be93be858__1  slide-2 ' ><div data-rel='slideshow-1' class='avia-slide-wrap '   ><div class='av-slideshow-caption av-laidaia2-64116ddc1f66beb40b76c54be93be858__1 caption_fullwidth caption_right'><div class=\"container caption_container\"><div class=\"slideshow_caption\"><div class=\"slideshow_inner_caption\"><div class=\"slideshow_align_caption\"><h2 class='avia-caption-title '  itemprop=\"name\" >TRANSFORMACIONES QUE CAMBIARON LA VIDA DE MILES DE MUJERES<\/h2><div class='avia-caption-content '  itemprop=\"description\" ><p>APOYO EN RECONSTRUCCI\u00d3N POST MASTECTOM\u00cdA<\/p>\n<\/div><\/div><\/div><\/div><\/div><\/div><img class=\"wp-image-68 avia-img-lazy-loading-not-68\"  src='https:\/\/foxybeauty.cl\/wp-content\/uploads\/2022\/11\/slide-home-1-1500x430.jpg' width='1500' height='430' title='slide-home-1' alt=''  itemprop=\"thumbnailUrl\"   \/><div class='av-section-color-overlay' style='opacity: 0.5; background-color: #000000; '><\/div><\/div><\/li><li  class='avia-slideshow-slide av-laidaia2-64116ddc1f66beb40b76c54be93be858__2  slide-3 ' ><div data-rel='slideshow-1' class='avia-slide-wrap '   ><div class='av-slideshow-caption av-laidaia2-64116ddc1f66beb40b76c54be93be858__2 caption_fullwidth caption_left'><div class=\"container caption_container\"><div class=\"slideshow_caption\"><div class=\"slideshow_inner_caption\"><div class=\"slideshow_align_caption\"><h2 class='avia-caption-title '  itemprop=\"name\" >MICROPIGMENTACION DE LABIOS<\/h2><div class='avia-caption-content '  itemprop=\"description\" ><p>APOYO EN RECONSTRUCCI\u00d3N DE LABIOS<\/p>\n<\/div><\/div><\/div><\/div><\/div><\/div><img class=\"wp-image-98 avia-img-lazy-loading-not-98\"  src='https:\/\/foxybeauty.cl\/wp-content\/uploads\/2022\/11\/micropigmentacion-de-labios-1500x430.jpg' width='1500' height='430' title='micropigmentacion-de-labios' alt=''  itemprop=\"thumbnailUrl\"   \/><div class='av-section-color-overlay' style='opacity: 0.5; background-color: #000000; '><\/div><\/div><\/li><li  class='avia-slideshow-slide av-laidaia2-64116ddc1f66beb40b76c54be93be858__3  slide-4 ' ><div data-rel='slideshow-1' class='avia-slide-wrap '   ><div class='av-slideshow-caption av-laidaia2-64116ddc1f66beb40b76c54be93be858__3 caption_fullwidth caption_center'><div class=\"container caption_container\"><div class=\"slideshow_caption\"><div class=\"slideshow_inner_caption\"><div class=\"slideshow_align_caption\"><h2 class='avia-caption-title '  itemprop=\"name\" >MICROPIGMENTACION DE CEJAS<\/h2><div class='avia-caption-content '  itemprop=\"description\" ><p>APOYO EN RECONSTRUCCI\u00d3N DE CEJAS<\/p>\n<\/div><\/div><\/div><\/div><\/div><\/div><img class=\"wp-image-95 avia-img-lazy-loading-not-95\"  src='https:\/\/foxybeauty.cl\/wp-content\/uploads\/2022\/11\/micropigmentacion-de-cejas-1500x430.jpg' width='1500' height='430' title='micropigmentacion-de-cejas' alt=''  itemprop=\"thumbnailUrl\"   \/><div class='av-section-color-overlay' style='opacity: 0.5; background-color: #000000; '><\/div><\/div><\/li><\/ul><div class='avia-slideshow-arrows avia-slideshow-controls' ><a href='#prev' class='prev-slide ' aria-hidden='true' data-av_icon='\ue87c' data-av_iconfont='entypo-fontello'  tabindex='-1'>Previous<\/a><a href='#next' class='next-slide ' aria-hidden='true' data-av_icon='\ue87d' data-av_iconfont='entypo-fontello'  tabindex='-1'>Next<\/a><\/div><div class='avia-slideshow-dots avia-slideshow-controls'><a href='#1' class='goto-slide active' >1<\/a><a href='#2' class='goto-slide ' >2<\/a><a href='#3' class='goto-slide ' >3<\/a><a href='#4' class='goto-slide ' >4<\/a><\/div><\/div><\/div>\n\n<style type=\"text\/css\" data-created_by=\"avia_inline_auto\" id=\"style-css-av-laihblkv-41c71ff9317ee7b96176608e91b18f2a\">\n.avia-section.av-laihblkv-41c71ff9317ee7b96176608e91b18f2a{\nbackground-color:#ff6633;\nbackground-image:unset;\n}\n#top .avia-section.av-laihblkv-41c71ff9317ee7b96176608e91b18f2a .scroll-down-link{\ncolor:#ffffff;\n}\n<\/style>\n<div id='av_section_1'  class='avia-section av-laihblkv-41c71ff9317ee7b96176608e91b18f2a header_color avia-section-default avia-no-border-styling  avia-builder-el-1  el_after_av_slideshow_full  el_before_av_section  avia-bg-style-scroll av-minimum-height av-minimum-height-custom  container_wrap sidebar_right'  ><div class=\"av-section-color-overlay-wrap\"><a href='#next-section' title='' class='scroll-down-link av-custom-scroll-down-color' aria-hidden='true' data-av_icon='\ue877' data-av_iconfont='entypo-fontello'><\/a><div class='container av-section-cont-open' style='height:15px'><div class='template-page content  av-content-small alpha units'><div class='post-entry post-entry-type-page post-entry-27'><div class='entry-content-wrapper clearfix'>\n\n<style type=\"text\/css\" data-created_by=\"avia_inline_auto\" id=\"style-css-av-laihf54a-50e402a0d667384aeaed2fecab572490\">\n#top .av_textblock_section.av-laihf54a-50e402a0d667384aeaed2fecab572490 .avia_textblock{\ncolor:#ffffff;\n}\n\n@media only screen and (max-width: 479px){ \n#top .av_textblock_section.av-laihf54a-50e402a0d667384aeaed2fecab572490 .avia_textblock{\nfont-size:10px;\n}\n}\n<\/style>\n<section  class='av_textblock_section av-laihf54a-50e402a0d667384aeaed2fecab572490'  itemscope=\"itemscope\" itemtype=\"https:\/\/schema.org\/CreativeWork\" ><div class='avia_textblock av_inherit_color'  itemprop=\"text\" ><h4 style=\"text-align: center;\">Tratamientos para Estr\u00edas y Cicatrices. Inducci\u00f3n de Col\u00e1geno. Micropigmentaci\u00f3n oncol\u00f3gica y param\u00e9dica. Fibroblast para la flacidez.<\/h4>\n<\/div><\/section>\n<\/div><\/div><\/div><!-- close content main div --><\/div><\/div><\/div>\n<style type=\"text\/css\" data-created_by=\"avia_inline_auto\" id=\"style-css-av-lahc4dq4-b86d282f55a4bc3ae7c940df22de4469\">\n.avia-section.av-lahc4dq4-b86d282f55a4bc3ae7c940df22de4469 .av-parallax .av-parallax-inner{\nbackground-repeat:no-repeat;\nbackground-image:url(https:\/\/foxybeauty.cl\/wp-content\/uploads\/2022\/11\/La-Cicatriz-Tras-Una-Cirugia-De-Pecho.-Clinica-Fernandez-768x510-1.jpg);\nbackground-position:50% 100%;\nbackground-attachment:scroll;\n}\n.avia-section.av-lahc4dq4-b86d282f55a4bc3ae7c940df22de4469 .av-section-color-overlay{\nopacity:0.5;\nbackground-color:#000000;\n}\n<\/style>\n<div id='av_section_2'  class='avia-section av-lahc4dq4-b86d282f55a4bc3ae7c940df22de4469 main_color avia-section-default avia-no-border-styling  avia-builder-el-3  el_after_av_section  avia-builder-el-last  av-parallax-section avia-bg-style-parallax av-section-color-overlay-active container_wrap sidebar_right'  data-section-bg-repeat='no-repeat'><div class='av-parallax' data-avia-parallax-ratio='0.3' ><div class='av-parallax-inner main_color avia-full-stretch'><\/div><\/div><div class=\"av-section-color-overlay-wrap\"><div class=\"av-section-color-overlay\"><\/div><div class='container av-section-cont-open' ><div class='template-page content  av-content-small alpha units'><div class='post-entry post-entry-type-page post-entry-27'><div class='entry-content-wrapper clearfix'>\n\n<style type=\"text\/css\" data-created_by=\"avia_inline_auto\" id=\"style-css-av-av_one_fourth-79ff81c021393065cee878051452f6a6\">\n.flex_column.av-av_one_fourth-79ff81c021393065cee878051452f6a6{\nborder-radius:0px 0px 0px 0px;\n-webkit-border-radius:0px 0px 0px 0px;\n-moz-border-radius:0px 0px 0px 0px;\n}\n<\/style>\n<div class='flex_column av-av_one_fourth-79ff81c021393065cee878051452f6a6 av_one_fourth  avia-builder-el-4  el_before_av_one_half  avia-builder-el-first  first flex_column_div av-zero-column-padding '   ><\/div>\n<style type=\"text\/css\" data-created_by=\"avia_inline_auto\" id=\"style-css-av-av_one_half-49f6e875884219cf77c24341e550af53\">\n.flex_column.av-av_one_half-49f6e875884219cf77c24341e550af53{\nborder-radius:0px 0px 0px 0px;\n-webkit-border-radius:0px 0px 0px 0px;\n-moz-border-radius:0px 0px 0px 0px;\n}\n<\/style>\n<div class='flex_column av-av_one_half-49f6e875884219cf77c24341e550af53 av_one_half  avia-builder-el-5  el_after_av_one_fourth  el_before_av_one_fourth  flex_column_div av-zero-column-padding '   ><p>\n<style type=\"text\/css\" data-created_by=\"avia_inline_auto\" id=\"style-css-av-laig327g-41ace47555e3edb5f7b45fdae13f1a26\">\n#top .av-special-heading.av-laig327g-41ace47555e3edb5f7b45fdae13f1a26{\npadding-bottom:10px;\ncolor:#ffffff;\n}\nbody .av-special-heading.av-laig327g-41ace47555e3edb5f7b45fdae13f1a26 .av-special-heading-tag .heading-char{\nfont-size:25px;\n}\n.av-special-heading.av-laig327g-41ace47555e3edb5f7b45fdae13f1a26 .special-heading-inner-border{\nborder-color:#ffffff;\n}\n.av-special-heading.av-laig327g-41ace47555e3edb5f7b45fdae13f1a26 .av-subheading{\nfont-size:20px;\n}\n<\/style>\n<div  class='av-special-heading av-laig327g-41ace47555e3edb5f7b45fdae13f1a26 av-special-heading-h2 custom-color-heading blockquote modern-quote modern-centered  avia-builder-el-6  el_before_av_textblock  avia-builder-el-first '><h2 class='av-special-heading-tag'  itemprop=\"headline\"  >Hablemos !!<\/h2><div class='av_custom_color av-subheading av-subheading_below'><p>Hemos transformado la vida de miles de mujeres como tu<\/p>\n<\/div><div class=\"special-heading-border\"><div class=\"special-heading-inner-border\"><\/div><\/div><\/div><br \/>\n\n<style type=\"text\/css\" data-created_by=\"avia_inline_auto\" id=\"style-css-av-lahcjqpe-a8ab611624c7e5dbdeec862042f65b71\">\n#top .av_textblock_section.av-lahcjqpe-a8ab611624c7e5dbdeec862042f65b71 .avia_textblock{\ncolor:#ffffff;\n}\n<\/style>\n<section  class='av_textblock_section av-lahcjqpe-a8ab611624c7e5dbdeec862042f65b71'  itemscope=\"itemscope\" itemtype=\"https:\/\/schema.org\/CreativeWork\" ><div class='avia_textblock av_inherit_color'  itemprop=\"text\" >\n                <div class='gf_browser_gecko gform_wrapper' id='gform_wrapper_1' ><form method='post' enctype='multipart\/form-data'  id='gform_1'  action='\/index.php?rest_route=%2Fwp%2Fv2%2Fpages%2F27'>\n                        <div class='gform_body'><ul id='gform_fields_1' class='gform_fields top_label form_sublabel_below description_below'><li id='field_1_5'  class='gfield gf_left_third gfield_contains_required field_sublabel_below field_description_below gfield_visibility_visible' ><label class='gfield_label' for='input_1_5' >Nombre:<span class='gfield_required'>*<\/span><\/label><div class='ginput_container ginput_container_text'><input name='input_5' id='input_1_5' type='text' value='' class='medium'     aria-required=\"true\" aria-invalid=\"false\" \/><\/div><\/li><li id='field_1_6'  class='gfield gf_middle_third gfield_contains_required field_sublabel_below field_description_below gfield_visibility_visible' ><label class='gfield_label' for='input_1_6' >Apellido:<span class='gfield_required'>*<\/span><\/label><div class='ginput_container ginput_container_text'><input name='input_6' id='input_1_6' type='text' value='' class='medium'     aria-required=\"true\" aria-invalid=\"false\" \/><\/div><\/li><li id='field_1_8'  class='gfield gf_right_third gfield_contains_required field_sublabel_below field_description_below gfield_visibility_visible' ><label class='gfield_label' for='input_1_8' >Tel\u00e9fono<span class='gfield_required'>*<\/span><\/label><div class='ginput_container ginput_container_text'><input name='input_8' id='input_1_8' type='text' value='' class='medium'     aria-required=\"true\" aria-invalid=\"false\" \/><\/div><\/li><li id='field_1_2'  class='gfield gf_left_third gfield_contains_required field_sublabel_below field_description_below gfield_visibility_visible' ><label class='gfield_label' for='input_1_2' >Email<span class='gfield_required'>*<\/span><\/label><div class='ginput_container ginput_container_email'>\n                            <input name='input_2' id='input_1_2' type='text' value='' class='medium'    aria-required=\"true\" aria-invalid=\"false\" \/>\n                        <\/div><\/li><li id='field_1_7'  class='gfield gf_middle_third gfield_contains_required field_sublabel_below field_description_below gfield_visibility_visible' ><label class='gfield_label' for='input_1_7' >Te podemos ayudar?<span class='gfield_required'>*<\/span><\/label><div class='ginput_container ginput_container_select'><select name='input_7' id='input_1_7' class='medium gfield_select'   aria-required=\"true\" aria-invalid=\"false\"><option value='- Selecciona tu opci\u00f3n -' >- Selecciona tu opci\u00f3n -<\/option><option value='Tratamientos para Estr\u00edas' >Tratamientos para Estr\u00edas<\/option><option value='Tratamientos para Cicatrices' >Tratamientos para Cicatrices<\/option><option value='Inducci\u00f3n de Col\u00e1geno' >Inducci\u00f3n de Col\u00e1geno<\/option><option value='Micropigmentaci\u00f3n oncol\u00f3gica y param\u00e9dica' >Micropigmentaci\u00f3n oncol\u00f3gica y param\u00e9dica<\/option><option value='Fibroblast para la flacidez' >Fibroblast para la flacidez<\/option><\/select><\/div><\/li><li id='field_1_9'  class='gfield field_sublabel_below field_description_below gfield_visibility_visible' ><label class='gfield_label' for='input_1_9' >Comentanos !!<\/label><div class='ginput_container ginput_container_textarea'><textarea name='input_9' id='input_1_9' class='textarea small'   maxlength='100'   aria-invalid=\"false\"   rows='10' cols='50'><\/textarea><\/div><\/li>\n                            <\/ul><\/div>\n        <div class='gform_footer top_label'> <input type='submit' id='gform_submit_button_1' class='gform_button button' value='Contactar'  onclick='if(window[\"gf_submitting_1\"]){return false;}  window[\"gf_submitting_1\"]=true;  ' onkeypress='if( event.keyCode == 13 ){ if(window[\"gf_submitting_1\"]){return false;} window[\"gf_submitting_1\"]=true;  jQuery(\"#gform_1\").trigger(\"submit\",[true]); }' \/> \n            <input type='hidden' class='gform_hidden' name='is_submit_1' value='1' \/>\n            <input type='hidden' class='gform_hidden' name='gform_submit' value='1' \/>\n            \n            <input type='hidden' class='gform_hidden' name='gform_unique_id' value='' \/>\n            <input type='hidden' class='gform_hidden' name='state_1' value='WyJbXSIsIjA2ZTZkMmFjOGUyYjFiZWI5NjBiNmRjMDdhYzBjMGNlIl0=' \/>\n            <input type='hidden' class='gform_hidden' name='gform_target_page_number_1' id='gform_target_page_number_1' value='0' \/>\n            <input type='hidden' class='gform_hidden' name='gform_source_page_number_1' id='gform_source_page_number_1' value='1' \/>\n            <input type='hidden' name='gform_field_values' value='' \/>\n            \n        <\/div>\n                        <\/form>\n                        <\/div><script type='text\/javascript'> jQuery(document).bind('gform_post_render', function(event, formId, currentPage){if(formId == 1) {if(!jQuery('#input_1_9+.ginput_counter').length){jQuery('#input_1_9').textareaCount(    {'maxCharacterSize': 100,    'originalStyle': 'ginput_counter',\t 'truncate': true,\t 'errorStyle' : '',    'displayFormat' : '#input of #max max characters'    });jQuery('input_1_9').next('.ginput_counter').attr('aria-live','polite');}} } );jQuery(document).bind('gform_post_conditional_logic', function(event, formId, fields, isInit){} );<\/script><script type='text\/javascript'> jQuery(document).ready(function(){jQuery(document).trigger('gform_post_render', [1, 1]) } ); <\/script>\n<\/div><\/section><\/p><\/div>\n<style type=\"text\/css\" data-created_by=\"avia_inline_auto\" id=\"style-css-av-av_one_fourth-49f6e875884219cf77c24341e550af53\">\n.flex_column.av-av_one_fourth-49f6e875884219cf77c24341e550af53{\nborder-radius:0px 0px 0px 0px;\n-webkit-border-radius:0px 0px 0px 0px;\n-moz-border-radius:0px 0px 0px 0px;\n}\n<\/style>\n<div class='flex_column av-av_one_fourth-49f6e875884219cf77c24341e550af53 av_one_fourth  avia-builder-el-8  el_after_av_one_half  avia-builder-el-last  flex_column_div av-zero-column-padding '   ><\/div><\/div><\/div><\/div><!-- close content main div --><\/div><\/div><\/div><div id='after_section_2'  class='main_color av_default_container_wrap container_wrap sidebar_right'  ><div class='container av-section-cont-open' ><div class='template-page content  av-content-small alpha units'><div class='post-entry post-entry-type-page post-entry-27'><div class='entry-content-wrapper clearfix'><\/p>\n","protected":false},"excerpt":{"rendered":"","protected":false},"author":1,"featured_media":0,"parent":0,"menu_order":0,"comment_status":"closed","ping_status":"closed","template":"","meta":{"footnotes":""},"class_list":["post-27","page","type-page","status-publish","hentry"],"_links":{"self":[{"href":"https:\/\/foxybeauty.cl\/index.php?rest_route=\/wp\/v2\/pages\/27","targetHints":{"allow":["GET"]}}],"collection":[{"href":"https:\/\/foxybeauty.cl\/index.php?rest_route=\/wp\/v2\/pages"}],"about":[{"href":"https:\/\/foxybeauty.cl\/index.php?rest_route=\/wp\/v2\/types\/page"}],"author":[{"embeddable":true,"href":"https:\/\/foxybeauty.cl\/index.php?rest_route=\/wp\/v2\/users\/1"}],"replies":[{"embeddable":true,"href":"https:\/\/foxybeauty.cl\/index.php?rest_route=%2Fwp%2Fv2%2Fcomments&post=27"}],"version-history":[{"count":116,"href":"https:\/\/foxybeauty.cl\/index.php?rest_route=\/wp\/v2\/pages\/27\/revisions"}],"predecessor-version":[{"id":177,"href":"https:\/\/foxybeauty.cl\/index.php?rest_route=\/wp\/v2\/pages\/27\/revisions\/177"}],"wp:attachment":[{"href":"https:\/\/foxybeauty.cl\/index.php?rest_route=%2Fwp%2Fv2%2Fmedia&parent=27"}],"curies":[{"name":"wp","href":"https:\/\/api.w.org\/{rel}","templated":true}]}}